{"id":13,"date":"2018-06-20T19:09:33","date_gmt":"2018-06-20T19:09:33","guid":{"rendered":"https:\/\/www.materalaw.com\/?page_id=13"},"modified":"2025-05-07T13:16:57","modified_gmt":"2025-05-07T17:16:57","slug":"acerca-de-nosotros","status":"publish","type":"page","link":"https:\/\/www.materalaw.com\/es\/about-us\/","title":{"rendered":"Qui\u00e9nes somos"},"content":{"rendered":"<section class=\"section\" id=\"section_1570637037\">\n\t\t<div class=\"section-bg fill\" >\n\t\t\t\t\t\t\t\t\t\n\t\t\t\n\n\t\t<\/div>\n\n\t\t\n\n\t\t<div class=\"section-content relative\">\n\t\t\t\n<div class=\"row\"  id=\"row-1946297630\">\n\n\t<div id=\"col-1430603757\" class=\"col medium-8 small-12 large-8\"  >\n\t\t\t\t<div class=\"col-inner\"  >\n\t\t\t\n\t\t\t\n<h1>Conozca a los abogados de\u00a0<span class=\"nap-item nap-item--name\">Matera &amp; Manley, LLP<\/span><\/h1>\n<p>Cuando las personas se enfrentan a situaciones jur\u00eddicas dif\u00edciles lo que importa son los resultados. Nosotros lo sabemos. Durante nuestras d\u00e9cadas de servicio a nuestros clientes hemos visto lo real que es la necesidad cuando alguien ha sido gravemente herido, se enfrentan a cargos criminales o sus derechos civiles han sido violados. La gente cuenta con que su abogado sea capaz de ayudarles.<\/p>\n<p><img loading=\"lazy\" decoding=\"async\" class=\"aligncenter wp-image-307 size-medium\" src=\"https:\/\/www.materalaw.com\/wp-content\/uploads\/2021\/05\/The-Matera-Law-Firm-Long-Island-Injury-Lawyers-Criminal-Defense-Attorneys-621x400.jpg\" alt=\"\" width=\"621\" height=\"400\" srcset=\"https:\/\/www.materalaw.com\/wp-content\/uploads\/2021\/05\/The-Matera-Law-Firm-Long-Island-Injury-Lawyers-Criminal-Defense-Attorneys-621x400.jpg 621w, https:\/\/www.materalaw.com\/wp-content\/uploads\/2021\/05\/The-Matera-Law-Firm-Long-Island-Injury-Lawyers-Criminal-Defense-Attorneys-768x495.jpg 768w, https:\/\/www.materalaw.com\/wp-content\/uploads\/2021\/05\/The-Matera-Law-Firm-Long-Island-Injury-Lawyers-Criminal-Defense-Attorneys.jpg 1052w\" sizes=\"auto, (max-width: 621px) 100vw, 621px\" \/><\/p>\n<p>Hemos pasado d\u00e9cadas perfeccionando nuestras habilidades como abogados, para que podamos ofrecer a las personas la ayuda real que necesitan cuando m\u00e1s lo necesitan. Tenemos experiencia sirviendo como fiscales, as\u00ed como abogados defensores y de lesiones personales. Nuestra experiencia como fiscales en algunos de los tribunales m\u00e1s dif\u00edciles en el estado es valiosa en lo que nos ense\u00f1\u00f3 acerca de la preparaci\u00f3n del juicio y la forma de construir y llevar a cabo los casos m\u00e1s eficaces. Usamos lo que aprendimos como fiscales y en las d\u00e9cadas posteriores para ayudar a las personas a asegurar las mejores resoluciones posibles a sus casos.<\/p>\n<p>Ese compromiso nos ha permitido generar un historial de \u00e9xitos que incluye la obtenci\u00f3n de millones de d\u00f3lares para nuestros clientes, as\u00ed como resultados positivos contra cargos criminales.<\/p>\n<p>Para saber m\u00e1s sobre nuestros abogados, siga los enlaces siguientes.<\/p>\n<ul>\n<li class=\"itemFirst\"><span style=\"font-size: 120%;\"><strong><a href=\"https:\/\/www.materalaw.com\/es\/abogado-michaelangelo-matera\/\">Michaelangelo Matera, Socio Director<\/a><\/strong><\/span><\/li>\n<li><span style=\"font-size: 120%;\"><strong><a href=\"https:\/\/www.materalaw.com\/es\/abogado-tyler-rossworn\/\">Tyler R. Rossworn, Abogado<\/a><\/strong><\/span><span style=\"font-size: 120%;\"><br \/><\/span><\/li>\n<li><span style=\"font-size: 120%;\"><strong><a href=\"https:\/\/www.materalaw.com\/es\/abogado-michael-elbert\/\">Michael D. Elbert, abogado<\/a><\/strong><\/span><\/li>\n<\/ul>\n<h2>Long Island Abogados de Lesiones Personales y Defensa Penal Abogados al servicio de Melville, Condado de Suffolk y la ciudad de Nueva York<\/h2>\n<p>Si ha sufrido lesiones graves, se enfrenta a cargos penales o se han violado sus derechos civiles, podemos ayudarle. Dir\u00edjase a\u00a0<span class=\"nap-item nap-item--name\">El bufete Matera<\/span>. Para concertar una primera cita gratuita, llame al\u00a0<span class=\"nap-item nap-item--phone\"><a href=\"tel:+1-516-741-6700\">516-741-6700<\/a><\/span>\u00a0o\u00a0<a href=\"\/es\/contacto\/\">contacto en l\u00ednea<\/a>.<\/p>\n<p>S\u00f3lo cobramos los honorarios del abogado en casos de lesiones personales si obtenemos una indemnizaci\u00f3n para usted.<\/p>\n\t\t<\/div>\n\t\t\t\t\t<\/div>\n\n\t\n\n\t<div id=\"col-1843959729\" class=\"col medium-4 small-12 large-4\"  >\n\t\t\t\t<div class=\"col-inner\"  >\n\t\t\t\n\t\t\t\n<ul class=\"sidebar-wrapper ul-reset widgets-default\"><aside id=\"text-13\" class=\"widget widget_text\">\t\t\t<div class=\"textwidget\"><p><a href=\"https:\/\/www.materalaw.com\/es\/videoteca\/\"><img loading=\"lazy\" decoding=\"async\" class=\"size-full wp-image-55458 aligncenter\" src=\"https:\/\/www.materalaw.com\/wp-content\/uploads\/2025\/05\/Video-FAQs.png\" alt=\"\" width=\"600\" height=\"172\" srcset=\"https:\/\/www.materalaw.com\/wp-content\/uploads\/2025\/05\/Video-FAQs.png 600w, https:\/\/www.materalaw.com\/wp-content\/uploads\/2025\/05\/Video-FAQs-18x5.png 18w\" sizes=\"auto, (max-width: 600px) 100vw, 600px\" \/><\/a><\/p>\n<div class=\"wpcf7 no-js\" id=\"wpcf7-f9-o1\" lang=\"en-US\" dir=\"ltr\" data-wpcf7-id=\"9\">\n<div class=\"screen-reader-response\">\n<p role=\"status\" aria-live=\"polite\" aria-atomic=\"true\">\n<ul><\/ul>\n<\/div>\n<form action=\"\/es\/wp-json\/wp\/v2\/pages\/13#wpcf7-f9-o1\" method=\"post\" class=\"wpcf7-form init\" aria-label=\"Formulario de contacto\" novalidate=\"novalidate\" data-status=\"init\" data-trp-original-action=\"\/es\/wp-json\/wp\/v2\/pages\/13#wpcf7-f9-o1\">\n<fieldset class=\"hidden-fields-container\"><input type=\"hidden\" name=\"_wpcf7\" value=\"9\" \/><input type=\"hidden\" name=\"_wpcf7_version\" value=\"6.1.5\" \/><input type=\"hidden\" name=\"_wpcf7_locale\" value=\"en_US\" \/><input type=\"hidden\" name=\"_wpcf7_unit_tag\" value=\"wpcf7-f9-o1\" \/><input type=\"hidden\" name=\"_wpcf7_container_post\" value=\"0\" \/><input type=\"hidden\" name=\"_wpcf7_posted_data_hash\" value=\"\" \/><br \/>\n<\/fieldset>\n<p><center><\/p>\n<h3>CONSULTA GRATUITA<br \/>\n\t<\/h3>\n<p><\/center><\/p>\n<p>Rellene el siguiente formulario para solicitar una consulta confidencial gratuita con Matera &amp; Manley.<br \/>\n\t<center><span class=\"wpcf7-form-control-wrap\" data-name=\"your-name\"><input size=\"40\" maxlength=\"400\" class=\"wpcf7-form-control wpcf7-text wpcf7-validates-as-required\" aria-required=\"true\" aria-invalid=\"false\" placeholder=\"Nombre\" value=\"\" type=\"text\" name=\"your-name\" \/><\/span><\/p>\n<p><span class=\"wpcf7-form-control-wrap\" data-name=\"your-email\"><input size=\"40\" maxlength=\"400\" class=\"wpcf7-form-control wpcf7-email wpcf7-text wpcf7-validates-as-email\" aria-invalid=\"false\" placeholder=\"Correo electr\u00f3nico\" value=\"\" type=\"email\" name=\"your-email\" \/><\/span><br \/>\n\t<\/center>\n<\/p>\n<p><span class=\"wpcf7-form-control-wrap\" data-name=\"tel-545\"><input size=\"40\" maxlength=\"400\" class=\"wpcf7-form-control wpcf7-tel wpcf7-text wpcf7-validates-as-tel\" aria-invalid=\"false\" placeholder=\"Su n\u00famero de tel\u00e9fono\" value=\"\" type=\"tel\" name=\"tel-545\" \/><\/span>\n<\/p>\n<p><span class=\"wpcf7-form-control-wrap\" data-name=\"your-message\"><textarea cols=\"40\" rows=\"10\" maxlength=\"2000\" class=\"wpcf7-form-control wpcf7-textarea\" aria-invalid=\"false\" placeholder=\"\u00bfC\u00f3mo podemos ayudarle?\" name=\"your-message\"><\/textarea><\/span>\n<\/p>\n<p><input class=\"wpcf7-form-control wpcf7-submit has-spinner button\" type=\"submit\" value=\"Enviar solicitud\" \/>\n<\/p>\n<p><input\n                    class=\"apbct_special_field apbct_email_id__wp_contact_form_7\"\n                    name=\"apbct__email_id__wp_contact_form_7\"\n                    aria-label=\"apbct__label_id__wp_contact_form_7\"\n                    type=\"text\" size=\"30\" maxlength=\"200\" autocomplete=\"off\"\n                    value=\"\"\n                \/><\/p>\n<div class=\"wpcf7-response-output\" aria-hidden=\"true\"><\/div>\n<input type=\"hidden\" name=\"trp-form-language\" value=\"es\"\/><\/form>\n<\/div>\n<\/div>\n\t\t<\/aside>\t\t<aside id=\"flatsome_recent_posts-17\" class=\"widget flatsome_recent_posts\">\t\t<span class=\"widget-title\"><span>\u00daltimas entradas<\/span><\/span><div class=\"is-divider small\"><\/div>\t\t<ul>\t\t\n\t\t\n\t\t<li class=\"recent-blog-posts-li\">\n\t\t\t<div class=\"flex-row recent-blog-posts align-top pt-half pb-half\">\n\t\t\t\t<div class=\"flex-col mr-half\">\n\t\t\t\t\t<div class=\"badge post-date  badge-outline\">\n\t\t\t\t\t\t\t<div class=\"badge-inner bg-fill\" style=\"background: url(https:\/\/www.materalaw.com\/wp-content\/uploads\/2026\/04\/Commercial-Truck-Accident-Lawyer-in-Long-Island-FREE-Consult-280x280.png); border:0;\">\n                                \t\t\t\t\t\t\t<\/div>\n\t\t\t\t\t<\/div>\n\t\t\t\t<\/div>\n\t\t\t\t<div class=\"flex-col flex-grow\">\n\t\t\t\t\t  <a href=\"https:\/\/www.materalaw.com\/es\/why-you-need-a-commercial-truck-accident-lawyer-after-a-long-island-crash\/\" title=\"Por qu\u00e9 usted necesita un abogado de accidentes de camiones comerciales despu\u00e9s de un accidente de Long Island\">Por qu\u00e9 usted necesita un abogado de accidentes de camiones comerciales despu\u00e9s de un accidente de Long Island<\/a>\n\t\t\t\t   \t  <span class=\"post_comments op-7 block is-xsmall\"><a href=\"https:\/\/www.materalaw.com\/es\/why-you-need-a-commercial-truck-accident-lawyer-after-a-long-island-crash\/#respond\"><\/a><\/span>\n\t\t\t\t<\/div>\n\t\t\t<\/div>\n\t\t<\/li>\n\t\t\n\t\t\n\t\t<li class=\"recent-blog-posts-li\">\n\t\t\t<div class=\"flex-row recent-blog-posts align-top pt-half pb-half\">\n\t\t\t\t<div class=\"flex-col mr-half\">\n\t\t\t\t\t<div class=\"badge post-date  badge-outline\">\n\t\t\t\t\t\t\t<div class=\"badge-inner bg-fill\" style=\"background: url(https:\/\/www.materalaw.com\/wp-content\/uploads\/2026\/04\/Suffolk-County-Car-Accident-Attorney-FAQ-FREE-Consultation-280x280.png); border:0;\">\n                                \t\t\t\t\t\t\t<\/div>\n\t\t\t\t\t<\/div>\n\t\t\t\t<\/div>\n\t\t\t\t<div class=\"flex-col flex-grow\">\n\t\t\t\t\t  <a href=\"https:\/\/www.materalaw.com\/es\/suffolk-county-car-accident-attorney-faq-the-questions-that-shape-your-recovery\/\" title=\"Suffolk County Abogado de Accidente de Coche FAQ: Las preguntas que dan forma a su recuperaci\u00f3n\">Suffolk County Abogado de Accidente de Coche FAQ: Las preguntas que dan forma a su recuperaci\u00f3n<\/a>\n\t\t\t\t   \t  <span class=\"post_comments op-7 block is-xsmall\"><a href=\"https:\/\/www.materalaw.com\/es\/suffolk-county-car-accident-attorney-faq-the-questions-that-shape-your-recovery\/#respond\"><\/a><\/span>\n\t\t\t\t<\/div>\n\t\t\t<\/div>\n\t\t<\/li>\n\t\t\n\t\t\n\t\t<li class=\"recent-blog-posts-li\">\n\t\t\t<div class=\"flex-row recent-blog-posts align-top pt-half pb-half\">\n\t\t\t\t<div class=\"flex-col mr-half\">\n\t\t\t\t\t<div class=\"badge post-date  badge-outline\">\n\t\t\t\t\t\t\t<div class=\"badge-inner bg-fill\" style=\"background: url(https:\/\/www.materalaw.com\/wp-content\/uploads\/2026\/03\/Winter-Accidents-in-Hauppauge-NY-FREE-Consultation-280x280.png); border:0;\">\n                                \t\t\t\t\t\t\t<\/div>\n\t\t\t\t\t<\/div>\n\t\t\t\t<\/div>\n\t\t\t\t<div class=\"flex-col flex-grow\">\n\t\t\t\t\t  <a href=\"https:\/\/www.materalaw.com\/es\/winter-accidents-on-long-island-who-pays-after-a-slip-fall-or-crash\/\" title=\"Accidentes de Invierno en Long Island: \u00bfQui\u00e9n paga despu\u00e9s de un resbal\u00f3n, ca\u00edda o accidente?\">Accidentes de Invierno en Long Island: \u00bfQui\u00e9n paga despu\u00e9s de un resbal\u00f3n, ca\u00edda o accidente?<\/a>\n\t\t\t\t   \t  <span class=\"post_comments op-7 block is-xsmall\"><a href=\"https:\/\/www.materalaw.com\/es\/winter-accidents-on-long-island-who-pays-after-a-slip-fall-or-crash\/#respond\"><\/a><\/span>\n\t\t\t\t<\/div>\n\t\t\t<\/div>\n\t\t<\/li>\n\t\t\n\t\t\n\t\t<li class=\"recent-blog-posts-li\">\n\t\t\t<div class=\"flex-row recent-blog-posts align-top pt-half pb-half\">\n\t\t\t\t<div class=\"flex-col mr-half\">\n\t\t\t\t\t<div class=\"badge post-date  badge-outline\">\n\t\t\t\t\t\t\t<div class=\"badge-inner bg-fill\" style=\"background: url(https:\/\/www.materalaw.com\/wp-content\/uploads\/2026\/03\/Truck-Accident-Attorney-in-Long-Island-FREE-Consultation-280x280.png); border:0;\">\n                                \t\t\t\t\t\t\t<\/div>\n\t\t\t\t\t<\/div>\n\t\t\t\t<\/div>\n\t\t\t\t<div class=\"flex-col flex-grow\">\n\t\t\t\t\t  <a href=\"https:\/\/www.materalaw.com\/es\/how-can-a-long-island-truck-accident-attorney-help-you\/\" title=\"\u00bfC\u00f3mo puede un abogado de Long Island accidente de cami\u00f3n ayudarle?\">\u00bfC\u00f3mo puede un abogado de Long Island accidente de cami\u00f3n ayudarle?<\/a>\n\t\t\t\t   \t  <span class=\"post_comments op-7 block is-xsmall\"><a href=\"https:\/\/www.materalaw.com\/es\/how-can-a-long-island-truck-accident-attorney-help-you\/#respond\"><\/a><\/span>\n\t\t\t\t<\/div>\n\t\t\t<\/div>\n\t\t<\/li>\n\t\t\n\t\t\n\t\t<li class=\"recent-blog-posts-li\">\n\t\t\t<div class=\"flex-row recent-blog-posts align-top pt-half pb-half\">\n\t\t\t\t<div class=\"flex-col mr-half\">\n\t\t\t\t\t<div class=\"badge post-date  badge-outline\">\n\t\t\t\t\t\t\t<div class=\"badge-inner bg-fill\" style=\"background: url(https:\/\/www.materalaw.com\/wp-content\/uploads\/2026\/03\/New-York-Wrongful-Death-Attorney-Schedule-a-FREE-Consultation2-280x280.png); border:0;\">\n                                \t\t\t\t\t\t\t<\/div>\n\t\t\t\t\t<\/div>\n\t\t\t\t<\/div>\n\t\t\t\t<div class=\"flex-col flex-grow\">\n\t\t\t\t\t  <a href=\"https:\/\/www.materalaw.com\/es\/how-a-new-york-wrongful-death-attorney-builds-high-value-medical-malpractice-claims\/\" title=\"C\u00f3mo un abogado de muerte por negligencia de Nueva York construye demandas de negligencia de alto valor\">C\u00f3mo un abogado de muerte por negligencia de Nueva York construye demandas de negligencia de alto valor<\/a>\n\t\t\t\t   \t  <span class=\"post_comments op-7 block is-xsmall\"><a href=\"https:\/\/www.materalaw.com\/es\/how-a-new-york-wrongful-death-attorney-builds-high-value-medical-malpractice-claims\/#respond\"><\/a><\/span>\n\t\t\t\t<\/div>\n\t\t\t<\/div>\n\t\t<\/li>\n\t\t\t\t<\/ul>\t\t<\/aside><\/ul>\n\t\t<\/div>\n\t\t\t\t\t<\/div>\n\n\t\n<\/div>\n\t\t<\/div>\n\n\t\t\n<style>\n#section_1570637037 {\n  padding-top: 30px;\n  padding-bottom: 30px;\n}\n<\/style>\n\t<\/section>","protected":false},"excerpt":{"rendered":"","protected":false},"author":4,"featured_media":1423,"parent":0,"menu_order":0,"comment_status":"closed","ping_status":"closed","template":"","meta":{"rop_custom_images_group":[],"rop_custom_messages_group":[],"rop_publish_now":"initial","rop_publish_now_accounts":[],"rop_publish_now_history":[],"rop_publish_now_status":"pending","footnotes":""},"class_list":["post-13","page","type-page","status-publish","has-post-thumbnail","hentry"],"yoast_head":"<!-- This site is optimized with the Yoast SEO plugin v27.1.1 - https:\/\/yoast.com\/product\/yoast-seo-wordpress\/ -->\n<title>About Us | The Matera Law Firm | NY Injury Attorneys &amp; Criminal Lawyers<\/title>\n<meta name=\"description\" content=\"Are you in need of an experienced Long Island personal injury attorney or criminal defense lawyer? Learn about us and how we can help protect your rights.\" \/>\n<meta name=\"robots\" content=\"index, follow, max-snippet:-1, max-image-preview:large, max-video-preview:-1\" \/>\n<link rel=\"canonical\" href=\"https:\/\/www.materalaw.com\/es\/acerca-de-nosotros\/\" \/>\n<meta property=\"og:locale\" content=\"es_ES\" \/>\n<meta property=\"og:type\" content=\"article\" \/>\n<meta property=\"og:title\" content=\"About Us | The Matera Law Firm | NY Injury Attorneys &amp; Criminal Lawyers\" \/>\n<meta property=\"og:description\" content=\"Are you in need of an experienced Long Island personal injury attorney or criminal defense lawyer? Learn about us and how we can help protect your rights.\" \/>\n<meta property=\"og:url\" content=\"https:\/\/www.materalaw.com\/es\/acerca-de-nosotros\/\" \/>\n<meta property=\"og:site_name\" content=\"Matera &amp; Manley, LLP\" \/>\n<meta property=\"article:publisher\" content=\"https:\/\/www.facebook.com\/The-Matera-Law-Firm-248997331839081\/\" \/>\n<meta property=\"article:modified_time\" content=\"2025-05-07T17:16:57+00:00\" \/>\n<meta property=\"og:image\" content=\"https:\/\/www.materalaw.com\/wp-content\/uploads\/2021\/06\/About-Us-The-Matera-Law-Firm-NY-Injury-Attorneys-Criminal-Lawyers.jpg\" \/>\n\t<meta property=\"og:image:width\" content=\"1024\" \/>\n\t<meta property=\"og:image:height\" content=\"660\" \/>\n\t<meta property=\"og:image:type\" content=\"image\/jpeg\" \/>\n<meta name=\"twitter:card\" content=\"summary_large_image\" \/>\n<meta name=\"twitter:site\" content=\"@materalaw\" \/>\n<meta name=\"twitter:label1\" content=\"Tiempo de lectura\" \/>\n\t<meta name=\"twitter:data1\" content=\"2 minutos\" \/>\n<script type=\"application\/ld+json\" class=\"yoast-schema-graph\">{\"@context\":\"https:\/\/schema.org\",\"@graph\":[{\"@type\":\"WebPage\",\"@id\":\"https:\/\/www.materalaw.com\/about-us\/\",\"url\":\"https:\/\/www.materalaw.com\/about-us\/\",\"name\":\"About Us | The Matera Law Firm | NY Injury Attorneys & Criminal Lawyers\",\"isPartOf\":{\"@id\":\"https:\/\/www.materalaw.com\/#website\"},\"primaryImageOfPage\":{\"@id\":\"https:\/\/www.materalaw.com\/about-us\/#primaryimage\"},\"image\":{\"@id\":\"https:\/\/www.materalaw.com\/about-us\/#primaryimage\"},\"thumbnailUrl\":\"https:\/\/www.materalaw.com\/wp-content\/uploads\/2021\/06\/About-Us-The-Matera-Law-Firm-NY-Injury-Attorneys-Criminal-Lawyers.jpg\",\"datePublished\":\"2018-06-20T19:09:33+00:00\",\"dateModified\":\"2025-05-07T17:16:57+00:00\",\"description\":\"Are you in need of an experienced Long Island personal injury attorney or criminal defense lawyer? Learn about us and how we can help protect your rights.\",\"breadcrumb\":{\"@id\":\"https:\/\/www.materalaw.com\/about-us\/#breadcrumb\"},\"inLanguage\":\"es\",\"potentialAction\":[{\"@type\":\"ReadAction\",\"target\":[\"https:\/\/www.materalaw.com\/about-us\/\"]}]},{\"@type\":\"ImageObject\",\"inLanguage\":\"es\",\"@id\":\"https:\/\/www.materalaw.com\/about-us\/#primaryimage\",\"url\":\"https:\/\/www.materalaw.com\/wp-content\/uploads\/2021\/06\/About-Us-The-Matera-Law-Firm-NY-Injury-Attorneys-Criminal-Lawyers.jpg\",\"contentUrl\":\"https:\/\/www.materalaw.com\/wp-content\/uploads\/2021\/06\/About-Us-The-Matera-Law-Firm-NY-Injury-Attorneys-Criminal-Lawyers.jpg\",\"width\":1024,\"height\":660,\"caption\":\"About Us The Matera Law Firm NY Injury Attorneys & Criminal Lawyers\"},{\"@type\":\"BreadcrumbList\",\"@id\":\"https:\/\/www.materalaw.com\/about-us\/#breadcrumb\",\"itemListElement\":[{\"@type\":\"ListItem\",\"position\":1,\"name\":\"Home\",\"item\":\"https:\/\/www.materalaw.com\/\"},{\"@type\":\"ListItem\",\"position\":2,\"name\":\"About Us\"}]},{\"@type\":\"WebSite\",\"@id\":\"https:\/\/www.materalaw.com\/#website\",\"url\":\"https:\/\/www.materalaw.com\/\",\"name\":\"The Matera Law Firm\",\"description\":\"Long Island Injury Lawyers &amp; Criminal Defense Attorneys\",\"publisher\":{\"@id\":\"https:\/\/www.materalaw.com\/#organization\"},\"potentialAction\":[{\"@type\":\"SearchAction\",\"target\":{\"@type\":\"EntryPoint\",\"urlTemplate\":\"https:\/\/www.materalaw.com\/?s={search_term_string}\"},\"query-input\":{\"@type\":\"PropertyValueSpecification\",\"valueRequired\":true,\"valueName\":\"search_term_string\"}}],\"inLanguage\":\"es\"},{\"@type\":\"Organization\",\"@id\":\"https:\/\/www.materalaw.com\/#organization\",\"name\":\"The Matera Law Firm\",\"url\":\"https:\/\/www.materalaw.com\/\",\"logo\":{\"@type\":\"ImageObject\",\"inLanguage\":\"es\",\"@id\":\"https:\/\/www.materalaw.com\/#\/schema\/logo\/image\/\",\"url\":\"https:\/\/www.materalaw.com\/wp-content\/uploads\/2021\/07\/The-Matera-Law-Firm-Long-Island-Injury-Lawyers-Criminal-Defense-Attorneys-Icon.jpg\",\"contentUrl\":\"https:\/\/www.materalaw.com\/wp-content\/uploads\/2021\/07\/The-Matera-Law-Firm-Long-Island-Injury-Lawyers-Criminal-Defense-Attorneys-Icon.jpg\",\"width\":450,\"height\":450,\"caption\":\"The Matera Law Firm\"},\"image\":{\"@id\":\"https:\/\/www.materalaw.com\/#\/schema\/logo\/image\/\"},\"sameAs\":[\"https:\/\/www.facebook.com\/The-Matera-Law-Firm-248997331839081\/\",\"https:\/\/x.com\/materalaw\"]}]}<\/script>\n<!-- \/ Yoast SEO plugin. -->","yoast_head_json":{"title":"Sobre Nosotros | The Matera Law Firm | Abogados de Lesiones y Criminales en NY","description":"\u00bfEst\u00e1 usted en necesidad de un abogado con experiencia en lesiones personales de Long Island o abogado de defensa criminal? Aprenda sobre nosotros y c\u00f3mo podemos ayudarle a proteger sus derechos.","robots":{"index":"index","follow":"follow","max-snippet":"max-snippet:-1","max-image-preview":"max-image-preview:large","max-video-preview":"max-video-preview:-1"},"canonical":"https:\/\/www.materalaw.com\/es\/acerca-de-nosotros\/","og_locale":"es_ES","og_type":"article","og_title":"About Us | The Matera Law Firm | NY Injury Attorneys & Criminal Lawyers","og_description":"Are you in need of an experienced Long Island personal injury attorney or criminal defense lawyer? Learn about us and how we can help protect your rights.","og_url":"https:\/\/www.materalaw.com\/es\/acerca-de-nosotros\/","og_site_name":"Matera &amp; Manley, LLP","article_publisher":"https:\/\/www.facebook.com\/The-Matera-Law-Firm-248997331839081\/","article_modified_time":"2025-05-07T17:16:57+00:00","og_image":[{"width":1024,"height":660,"url":"https:\/\/www.materalaw.com\/wp-content\/uploads\/2021\/06\/About-Us-The-Matera-Law-Firm-NY-Injury-Attorneys-Criminal-Lawyers.jpg","type":"image\/jpeg"}],"twitter_card":"summary_large_image","twitter_site":"@materalaw","twitter_misc":{"Tiempo de lectura":"2 minutos"},"schema":{"@context":"https:\/\/schema.org","@graph":[{"@type":"WebPage","@id":"https:\/\/www.materalaw.com\/about-us\/","url":"https:\/\/www.materalaw.com\/about-us\/","name":"Sobre Nosotros | The Matera Law Firm | Abogados de Lesiones y Criminales en NY","isPartOf":{"@id":"https:\/\/www.materalaw.com\/#website"},"primaryImageOfPage":{"@id":"https:\/\/www.materalaw.com\/about-us\/#primaryimage"},"image":{"@id":"https:\/\/www.materalaw.com\/about-us\/#primaryimage"},"thumbnailUrl":"https:\/\/www.materalaw.com\/wp-content\/uploads\/2021\/06\/About-Us-The-Matera-Law-Firm-NY-Injury-Attorneys-Criminal-Lawyers.jpg","datePublished":"2018-06-20T19:09:33+00:00","dateModified":"2025-05-07T17:16:57+00:00","description":"\u00bfEst\u00e1 usted en necesidad de un abogado con experiencia en lesiones personales de Long Island o abogado de defensa criminal? Aprenda sobre nosotros y c\u00f3mo podemos ayudarle a proteger sus derechos.","breadcrumb":{"@id":"https:\/\/www.materalaw.com\/about-us\/#breadcrumb"},"inLanguage":"es","potentialAction":[{"@type":"ReadAction","target":["https:\/\/www.materalaw.com\/about-us\/"]}]},{"@type":"ImageObject","inLanguage":"es","@id":"https:\/\/www.materalaw.com\/about-us\/#primaryimage","url":"https:\/\/www.materalaw.com\/wp-content\/uploads\/2021\/06\/About-Us-The-Matera-Law-Firm-NY-Injury-Attorneys-Criminal-Lawyers.jpg","contentUrl":"https:\/\/www.materalaw.com\/wp-content\/uploads\/2021\/06\/About-Us-The-Matera-Law-Firm-NY-Injury-Attorneys-Criminal-Lawyers.jpg","width":1024,"height":660,"caption":"About Us The Matera Law Firm NY Injury Attorneys & Criminal Lawyers"},{"@type":"BreadcrumbList","@id":"https:\/\/www.materalaw.com\/about-us\/#breadcrumb","itemListElement":[{"@type":"ListItem","position":1,"name":"Home","item":"https:\/\/www.materalaw.com\/"},{"@type":"ListItem","position":2,"name":"About Us"}]},{"@type":"WebSite","@id":"https:\/\/www.materalaw.com\/#website","url":"https:\/\/www.materalaw.com\/","name":"El bufete Matera","description":"Long Island Abogados de Lesiones y Abogados de Defensa Penal","publisher":{"@id":"https:\/\/www.materalaw.com\/#organization"},"potentialAction":[{"@type":"SearchAction","target":{"@type":"EntryPoint","urlTemplate":"https:\/\/www.materalaw.com\/?s={search_term_string}"},"query-input":{"@type":"PropertyValueSpecification","valueRequired":true,"valueName":"search_term_string"}}],"inLanguage":"es"},{"@type":"Organization","@id":"https:\/\/www.materalaw.com\/#organization","name":"El bufete Matera","url":"https:\/\/www.materalaw.com\/","logo":{"@type":"ImageObject","inLanguage":"es","@id":"https:\/\/www.materalaw.com\/#\/schema\/logo\/image\/","url":"https:\/\/www.materalaw.com\/wp-content\/uploads\/2021\/07\/The-Matera-Law-Firm-Long-Island-Injury-Lawyers-Criminal-Defense-Attorneys-Icon.jpg","contentUrl":"https:\/\/www.materalaw.com\/wp-content\/uploads\/2021\/07\/The-Matera-Law-Firm-Long-Island-Injury-Lawyers-Criminal-Defense-Attorneys-Icon.jpg","width":450,"height":450,"caption":"The Matera Law Firm"},"image":{"@id":"https:\/\/www.materalaw.com\/#\/schema\/logo\/image\/"},"sameAs":["https:\/\/www.facebook.com\/The-Matera-Law-Firm-248997331839081\/","https:\/\/x.com\/materalaw"]}]}},"_links":{"self":[{"href":"https:\/\/www.materalaw.com\/es\/wp-json\/wp\/v2\/pages\/13","targetHints":{"allow":["GET"]}}],"collection":[{"href":"https:\/\/www.materalaw.com\/es\/wp-json\/wp\/v2\/pages"}],"about":[{"href":"https:\/\/www.materalaw.com\/es\/wp-json\/wp\/v2\/types\/page"}],"author":[{"embeddable":true,"href":"https:\/\/www.materalaw.com\/es\/wp-json\/wp\/v2\/users\/4"}],"replies":[{"embeddable":true,"href":"https:\/\/www.materalaw.com\/es\/wp-json\/wp\/v2\/comments?post=13"}],"version-history":[{"count":0,"href":"https:\/\/www.materalaw.com\/es\/wp-json\/wp\/v2\/pages\/13\/revisions"}],"wp:featuredmedia":[{"embeddable":true,"href":"https:\/\/www.materalaw.com\/es\/wp-json\/wp\/v2\/media\/1423"}],"wp:attachment":[{"href":"https:\/\/www.materalaw.com\/es\/wp-json\/wp\/v2\/media?parent=13"}],"curies":[{"name":"wp","href":"https:\/\/api.w.org\/{rel}","templated":true}]}}