{"id":529,"date":"2021-05-24T12:37:18","date_gmt":"2021-05-24T16:37:18","guid":{"rendered":"https:\/\/www.materalaw.com\/?page_id=529"},"modified":"2021-06-21T12:47:09","modified_gmt":"2021-06-21T16:47:09","slug":"como-puede-ayudar-un-abogado-especializado-en-mordeduras-de-perro","status":"publish","type":"page","link":"https:\/\/www.materalaw.com\/es\/how-can-a-dog-bite-lawyer-help\/","title":{"rendered":"\u00bfC\u00f3mo puede ayudar un abogado especializado en mordeduras de perro?"},"content":{"rendered":"<div class=\"row\"  id=\"row-1939666239\">\n\n\t<div id=\"col-1773883174\" class=\"col medium-8 small-12 large-8\"  >\n\t\t\t\t<div class=\"col-inner text-left\"  >\n\t\t\t\n\t\t\t\n<h1>\u00bfC\u00f3mo puede ayudar un abogado especializado en mordeduras de perro?<\/h1>\n<p><b>\u00bfFue usted o un ser querido atacado por un perro en Nueva York? Un abogado con experiencia en mordeduras de perro puede ayudarle a obtener una indemnizaci\u00f3n por su dolor y sufrimiento. Vea este v\u00eddeo del abogado especializado en lesiones personales Michaelangelo Matera para obtener m\u00e1s informaci\u00f3n sobre sus derechos en Nueva York. <\/b><\/p>\n<div class=\"video video-fit mb\" style=\"padding-top:56.25%;\"><p><iframe loading=\"lazy\" title=\"\u00bfC\u00f3mo puede ayudar un abogado especializado en mordeduras de perro?\" width=\"1020\" height=\"574\" src=\"https:\/\/www.youtube.com\/embed\/xzdxy1WDmXs?wmode=transparent&amp;rel=0&amp;feature=oembed\" frameborder=\"0\" allow=\"accelerometer; autoplay; clipboard-write; encrypted-media; gyroscope; picture-in-picture\" allowfullscreen><\/iframe><\/p>\n<\/div>\n<a href=\"\/es\/contacto\/\" class=\"button primary expand\"  style=\"border-radius:99px;padding:0px 50px 0px 50px;\">\n\t\t<span>SOLICITE UNA CONSULTA GRATUITA<\/span>\n\t<\/a>\n\n<p>Si usted es v\u00edctima de un ataque de mordedura de perro, tener el abogado adecuado es muy importante. Aqu\u00ed en nuestra firma ayudaremos a un cliente a determinar si ese perro hab\u00eda mordido previamente a alguien, si ese perro ha mostrado previamente cualquier propensi\u00f3n violenta hacia cualquier otra persona. Y al hacerlo, somos capaces de dar a un cliente un poco de tranquilidad para que no tengan que seguir adelante en un litigio que no, por ejemplo, tienen la oportunidad de tener \u00e9xito si el perro no ten\u00eda una mordedura anterior o anterior muestra de una propensi\u00f3n violenta.<\/p>\n<p>Lo \u00faltimo que querr\u00edamos es que un cliente pasara dos a\u00f1os litigando, s\u00f3lo para descubrir que ese no es el caso y que, en \u00faltima instancia, no ten\u00eda derecho a reclamar. Pero tambi\u00e9n, cuando determinamos que un perro ha mordido previamente a alguien o ha mostrado previamente cualquier propensi\u00f3n violenta, vamos a asegurarnos de maximizar la recuperaci\u00f3n que nuestro cliente es capaz de obtener sobre la base de las lesiones sufridas.<\/p>\n<p>Cuando las personas se enfrentan a situaciones legales dif\u00edciles lo que importa son los resultados. En The Matera Law Firm, tenemos m\u00e1s de 25 a\u00f1os de experiencia ayudando a las personas cuando m\u00e1s lo necesitan. Ese compromiso nos ha permitido generar un historial de \u00e9xito que incluye la obtenci\u00f3n de millones de d\u00f3lares para nuestros clientes, as\u00ed como resultados positivos contra cargos criminales.<\/p>\n<p>Si usted o alguien a quien quiere necesita un <strong><a href=\"https:\/\/www.materalaw.com\/es\/abogados-de-lesiones-personales-en-long-island-ny\/\">abogado de lesiones personales<\/a><\/strong> o <strong><a href=\"https:\/\/www.materalaw.com\/es\/abogado-de-defensa-criminal-en-long-island-ny\/\">abogado penalista<\/a><\/strong>P\u00f3ngase en contacto con nosotros hoy para una consulta confidencial gratuita. Orgullosamente servimos <strong><a href=\"https:\/\/www.materalaw.com\/es\/abogados-de-lesiones-del-condado-de-suffolk-y-abogados-de-defensa-criminal\/\">Condado de Suffolk<\/a><\/strong>, <strong><a href=\"https:\/\/www.materalaw.com\/es\/abogados-de-lesiones-del-condado-de-nassau-y-abogados-de-defensa-criminal\/\">Condado de Nassau<\/a><\/strong>Long Island, <strong><a href=\"https:\/\/www.materalaw.com\/es\/brooklyn-abogados-de-lesiones-y-abogados-de-defensa-criminal\/\">Brooklyn<\/a>, <a href=\"https:\/\/www.materalaw.com\/es\/abogados-de-lesiones-y-penalistas-de-manhattan\/\">Manhattan<\/a>, <a href=\"https:\/\/www.materalaw.com\/es\/bronx-abogados-de-lesiones-y-abogados-de-defensa-criminal\/\">Bronx<\/a>, <a href=\"https:\/\/www.materalaw.com\/es\/queens-abogados-de-lesiones-y-abogados-de-defensa-criminal\/\">Queens<\/a>, <\/strong> y en todo el Estado de Nueva York.<\/p>\n<p><a href=\"https:\/\/www.facebook.com\/The-Matera-Law-Firm-248997331839081\/\">S\u00edguenos en Facebook<\/a>\u00a0\u00a1para actualizaciones diarias!<br \/>\n\t\t<\/div>\n\t\t\t\t\t<\/div>\n\n\t\n\n\t<div id=\"col-1857954868\" class=\"col medium-4 small-12 large-4\"  >\n\t\t\t\t<div class=\"col-inner\"  >\n\t\t\t\n\t\t\t\n<ul class=\"sidebar-wrapper ul-reset\"><aside id=\"text-13\" class=\"widget widget_text\">\t\t\t<div class=\"textwidget\"><p><a href=\"https:\/\/www.materalaw.com\/es\/videoteca\/\"><img loading=\"lazy\" decoding=\"async\" class=\"size-full wp-image-55458 aligncenter\" src=\"https:\/\/www.materalaw.com\/wp-content\/uploads\/2025\/05\/Video-FAQs.png\" alt=\"\" width=\"600\" height=\"172\" srcset=\"https:\/\/www.materalaw.com\/wp-content\/uploads\/2025\/05\/Video-FAQs.png 600w, https:\/\/www.materalaw.com\/wp-content\/uploads\/2025\/05\/Video-FAQs-18x5.png 18w\" sizes=\"auto, (max-width: 600px) 100vw, 600px\" \/><\/a><\/p>\n<div class=\"wpcf7 no-js\" id=\"wpcf7-f9-o1\" lang=\"en-US\" dir=\"ltr\" data-wpcf7-id=\"9\">\n<div class=\"screen-reader-response\">\n<p role=\"status\" aria-live=\"polite\" aria-atomic=\"true\">\n<ul><\/ul>\n<\/div>\n<form action=\"\/es\/wp-json\/wp\/v2\/pages\/529#wpcf7-f9-o1\" method=\"post\" class=\"wpcf7-form init\" aria-label=\"Formulario de contacto\" novalidate=\"novalidate\" data-status=\"init\" data-trp-original-action=\"\/es\/wp-json\/wp\/v2\/pages\/529#wpcf7-f9-o1\">\n<fieldset class=\"hidden-fields-container\"><input type=\"hidden\" name=\"_wpcf7\" value=\"9\" \/><input type=\"hidden\" name=\"_wpcf7_version\" value=\"6.1.5\" \/><input type=\"hidden\" name=\"_wpcf7_locale\" value=\"en_US\" \/><input type=\"hidden\" name=\"_wpcf7_unit_tag\" value=\"wpcf7-f9-o1\" \/><input type=\"hidden\" name=\"_wpcf7_container_post\" value=\"0\" \/><input type=\"hidden\" name=\"_wpcf7_posted_data_hash\" value=\"\" \/><br \/>\n<\/fieldset>\n<p><center><\/p>\n<h3>CONSULTA GRATUITA<br \/>\n\t<\/h3>\n<p><\/center><\/p>\n<p>Rellene el siguiente formulario para solicitar una consulta confidencial gratuita con Matera &amp; Manley.<br \/>\n\t<center><span class=\"wpcf7-form-control-wrap\" data-name=\"your-name\"><input size=\"40\" maxlength=\"400\" class=\"wpcf7-form-control wpcf7-text wpcf7-validates-as-required\" aria-required=\"true\" aria-invalid=\"false\" placeholder=\"Nombre\" value=\"\" type=\"text\" name=\"your-name\" \/><\/span><\/p>\n<p><span class=\"wpcf7-form-control-wrap\" data-name=\"your-email\"><input size=\"40\" maxlength=\"400\" class=\"wpcf7-form-control wpcf7-email wpcf7-text wpcf7-validates-as-email\" aria-invalid=\"false\" placeholder=\"Correo electr\u00f3nico\" value=\"\" type=\"email\" name=\"your-email\" \/><\/span><br \/>\n\t<\/center>\n<\/p>\n<p><span class=\"wpcf7-form-control-wrap\" data-name=\"tel-545\"><input size=\"40\" maxlength=\"400\" class=\"wpcf7-form-control wpcf7-tel wpcf7-text wpcf7-validates-as-tel\" aria-invalid=\"false\" placeholder=\"Su n\u00famero de tel\u00e9fono\" value=\"\" type=\"tel\" name=\"tel-545\" \/><\/span>\n<\/p>\n<p><span class=\"wpcf7-form-control-wrap\" data-name=\"your-message\"><textarea cols=\"40\" rows=\"10\" maxlength=\"2000\" class=\"wpcf7-form-control wpcf7-textarea\" aria-invalid=\"false\" placeholder=\"\u00bfC\u00f3mo podemos ayudarle?\" name=\"your-message\"><\/textarea><\/span>\n<\/p>\n<p><input class=\"wpcf7-form-control wpcf7-submit has-spinner button\" type=\"submit\" value=\"Enviar solicitud\" \/>\n<\/p>\n<p><input\n                    class=\"apbct_special_field apbct_email_id__wp_contact_form_7\"\n                    name=\"apbct__email_id__wp_contact_form_7\"\n                    aria-label=\"apbct__label_id__wp_contact_form_7\"\n                    type=\"text\" size=\"30\" maxlength=\"200\" autocomplete=\"off\"\n                    value=\"\"\n                \/><\/p>\n<div class=\"wpcf7-response-output\" aria-hidden=\"true\"><\/div>\n<input type=\"hidden\" name=\"trp-form-language\" value=\"es\"\/><\/form>\n<\/div>\n<\/div>\n\t\t<\/aside>\t\t<aside id=\"flatsome_recent_posts-17\" class=\"widget flatsome_recent_posts\">\t\t<span class=\"widget-title\"><span>\u00daltimas entradas<\/span><\/span><div class=\"is-divider small\"><\/div>\t\t<ul>\t\t\n\t\t\n\t\t<li class=\"recent-blog-posts-li\">\n\t\t\t<div class=\"flex-row recent-blog-posts align-top pt-half pb-half\">\n\t\t\t\t<div class=\"flex-col mr-half\">\n\t\t\t\t\t<div class=\"badge post-date  badge-outline\">\n\t\t\t\t\t\t\t<div class=\"badge-inner bg-fill\" style=\"background: url(https:\/\/www.materalaw.com\/wp-content\/uploads\/2026\/03\/Winter-Accidents-in-Hauppauge-NY-FREE-Consultation-280x280.png); border:0;\">\n                                \t\t\t\t\t\t\t<\/div>\n\t\t\t\t\t<\/div>\n\t\t\t\t<\/div>\n\t\t\t\t<div class=\"flex-col flex-grow\">\n\t\t\t\t\t  <a href=\"https:\/\/www.materalaw.com\/es\/winter-accidents-on-long-island-who-pays-after-a-slip-fall-or-crash\/\" title=\"Accidentes de Invierno en Long Island: \u00bfQui\u00e9n paga despu\u00e9s de un resbal\u00f3n, ca\u00edda o accidente?\">Accidentes de Invierno en Long Island: \u00bfQui\u00e9n paga despu\u00e9s de un resbal\u00f3n, ca\u00edda o accidente?<\/a>\n\t\t\t\t   \t  <span class=\"post_comments op-7 block is-xsmall\"><a href=\"https:\/\/www.materalaw.com\/es\/winter-accidents-on-long-island-who-pays-after-a-slip-fall-or-crash\/#respond\"><\/a><\/span>\n\t\t\t\t<\/div>\n\t\t\t<\/div>\n\t\t<\/li>\n\t\t\n\t\t\n\t\t<li class=\"recent-blog-posts-li\">\n\t\t\t<div class=\"flex-row recent-blog-posts align-top pt-half pb-half\">\n\t\t\t\t<div class=\"flex-col mr-half\">\n\t\t\t\t\t<div class=\"badge post-date  badge-outline\">\n\t\t\t\t\t\t\t<div class=\"badge-inner bg-fill\" style=\"background: url(https:\/\/www.materalaw.com\/wp-content\/uploads\/2026\/03\/Truck-Accident-Attorney-in-Long-Island-FREE-Consultation-280x280.png); border:0;\">\n                                \t\t\t\t\t\t\t<\/div>\n\t\t\t\t\t<\/div>\n\t\t\t\t<\/div>\n\t\t\t\t<div class=\"flex-col flex-grow\">\n\t\t\t\t\t  <a href=\"https:\/\/www.materalaw.com\/es\/how-can-a-long-island-truck-accident-attorney-help-you\/\" title=\"\u00bfC\u00f3mo puede un abogado de Long Island accidente de cami\u00f3n ayudarle?\">\u00bfC\u00f3mo puede un abogado de Long Island accidente de cami\u00f3n ayudarle?<\/a>\n\t\t\t\t   \t  <span class=\"post_comments op-7 block is-xsmall\"><a href=\"https:\/\/www.materalaw.com\/es\/how-can-a-long-island-truck-accident-attorney-help-you\/#respond\"><\/a><\/span>\n\t\t\t\t<\/div>\n\t\t\t<\/div>\n\t\t<\/li>\n\t\t\n\t\t\n\t\t<li class=\"recent-blog-posts-li\">\n\t\t\t<div class=\"flex-row recent-blog-posts align-top pt-half pb-half\">\n\t\t\t\t<div class=\"flex-col mr-half\">\n\t\t\t\t\t<div class=\"badge post-date  badge-outline\">\n\t\t\t\t\t\t\t<div class=\"badge-inner bg-fill\" style=\"background: url(https:\/\/www.materalaw.com\/wp-content\/uploads\/2026\/03\/New-York-Wrongful-Death-Attorney-Schedule-a-FREE-Consultation2-280x280.png); border:0;\">\n                                \t\t\t\t\t\t\t<\/div>\n\t\t\t\t\t<\/div>\n\t\t\t\t<\/div>\n\t\t\t\t<div class=\"flex-col flex-grow\">\n\t\t\t\t\t  <a href=\"https:\/\/www.materalaw.com\/es\/how-a-new-york-wrongful-death-attorney-builds-high-value-medical-malpractice-claims\/\" title=\"C\u00f3mo un abogado de muerte por negligencia de Nueva York construye demandas de negligencia de alto valor\">C\u00f3mo un abogado de muerte por negligencia de Nueva York construye demandas de negligencia de alto valor<\/a>\n\t\t\t\t   \t  <span class=\"post_comments op-7 block is-xsmall\"><a href=\"https:\/\/www.materalaw.com\/es\/how-a-new-york-wrongful-death-attorney-builds-high-value-medical-malpractice-claims\/#respond\"><\/a><\/span>\n\t\t\t\t<\/div>\n\t\t\t<\/div>\n\t\t<\/li>\n\t\t\n\t\t\n\t\t<li class=\"recent-blog-posts-li\">\n\t\t\t<div class=\"flex-row recent-blog-posts align-top pt-half pb-half\">\n\t\t\t\t<div class=\"flex-col mr-half\">\n\t\t\t\t\t<div class=\"badge post-date  badge-outline\">\n\t\t\t\t\t\t\t<div class=\"badge-inner bg-fill\" style=\"background: url(https:\/\/www.materalaw.com\/wp-content\/uploads\/2026\/03\/Melville-Accident-Attorney-FREE-Consultation2-280x280.png); border:0;\">\n                                \t\t\t\t\t\t\t<\/div>\n\t\t\t\t\t<\/div>\n\t\t\t\t<\/div>\n\t\t\t\t<div class=\"flex-col flex-grow\">\n\t\t\t\t\t  <a href=\"https:\/\/www.materalaw.com\/es\/melville-accident-attorney-explains-the-most-common-long-island-injury-claims\/\" title=\"Melville accidente abogado explica las reclamaciones por lesiones m\u00e1s comunes de Long Island\">Melville accidente abogado explica las reclamaciones por lesiones m\u00e1s comunes de Long Island<\/a>\n\t\t\t\t   \t  <span class=\"post_comments op-7 block is-xsmall\"><a href=\"https:\/\/www.materalaw.com\/es\/melville-accident-attorney-explains-the-most-common-long-island-injury-claims\/#respond\"><\/a><\/span>\n\t\t\t\t<\/div>\n\t\t\t<\/div>\n\t\t<\/li>\n\t\t\n\t\t\n\t\t<li class=\"recent-blog-posts-li\">\n\t\t\t<div class=\"flex-row recent-blog-posts align-top pt-half pb-half\">\n\t\t\t\t<div class=\"flex-col mr-half\">\n\t\t\t\t\t<div class=\"badge post-date  badge-outline\">\n\t\t\t\t\t\t\t<div class=\"badge-inner bg-fill\" style=\"background: url(https:\/\/www.materalaw.com\/wp-content\/uploads\/2026\/03\/Long-Island-Car-Accident-Attorney-FREE-Consultation-280x280.png); border:0;\">\n                                \t\t\t\t\t\t\t<\/div>\n\t\t\t\t\t<\/div>\n\t\t\t\t<\/div>\n\t\t\t\t<div class=\"flex-col flex-grow\">\n\t\t\t\t\t  <a href=\"https:\/\/www.materalaw.com\/es\/long-island-car-accident-attorney-explains-how-new-technology-is-changing-the-legal-landscape\/\" title=\"El abogado de accidentes de tr\u00e1fico de Long Island explica c\u00f3mo las nuevas tecnolog\u00edas cambian el panorama legal\">El abogado de accidentes de tr\u00e1fico de Long Island explica c\u00f3mo las nuevas tecnolog\u00edas cambian el panorama legal<\/a>\n\t\t\t\t   \t  <span class=\"post_comments op-7 block is-xsmall\"><a href=\"https:\/\/www.materalaw.com\/es\/long-island-car-accident-attorney-explains-how-new-technology-is-changing-the-legal-landscape\/#respond\"><\/a><\/span>\n\t\t\t\t<\/div>\n\t\t\t<\/div>\n\t\t<\/li>\n\t\t\t\t<\/ul>\t\t<\/aside><\/ul>\n\t\t<\/div>\n\t\t\t\t\t<\/div>\n\n\t\n<\/div>","protected":false},"excerpt":{"rendered":"","protected":false},"author":5,"featured_media":1429,"parent":0,"menu_order":0,"comment_status":"closed","ping_status":"closed","template":"","meta":{"rop_custom_images_group":[],"rop_custom_messages_group":[],"rop_publish_now":"initial","rop_publish_now_accounts":[],"rop_publish_now_history":[],"rop_publish_now_status":"pending","footnotes":""},"class_list":["post-529","page","type-page","status-publish","has-post-thumbnail","hentry"],"yoast_head":"<!-- This site is optimized with the Yoast SEO plugin v27.1.1 - https:\/\/yoast.com\/product\/yoast-seo-wordpress\/ -->\n<title>How Can A Dog Bite Lawyer Help? | Injury Attorney | The Matera Law Firm<\/title>\n<meta name=\"description\" content=\"Watch this video by dedicated Long Island injury attorney Michaelangelo Matera to find out how a dog bite lawyer can help you recover compensation today.\" \/>\n<meta name=\"robots\" content=\"index, follow, max-snippet:-1, max-image-preview:large, max-video-preview:-1\" \/>\n<link rel=\"canonical\" href=\"https:\/\/www.materalaw.com\/es\/como-puede-ayudar-un-abogado-especializado-en-mordeduras-de-perro\/\" \/>\n<meta property=\"og:locale\" content=\"es_ES\" \/>\n<meta property=\"og:type\" content=\"article\" \/>\n<meta property=\"og:title\" content=\"How Can A Dog Bite Lawyer Help? | Injury Attorney | The Matera Law Firm\" \/>\n<meta property=\"og:description\" content=\"Watch this video by dedicated Long Island injury attorney Michaelangelo Matera to find out how a dog bite lawyer can help you recover compensation today.\" \/>\n<meta property=\"og:url\" content=\"https:\/\/www.materalaw.com\/es\/como-puede-ayudar-un-abogado-especializado-en-mordeduras-de-perro\/\" \/>\n<meta property=\"og:site_name\" content=\"Matera &amp; Manley, LLP\" \/>\n<meta property=\"article:publisher\" content=\"https:\/\/www.facebook.com\/The-Matera-Law-Firm-248997331839081\/\" \/>\n<meta property=\"article:modified_time\" content=\"2021-06-21T16:47:09+00:00\" \/>\n<meta property=\"og:image\" content=\"https:\/\/www.materalaw.com\/wp-content\/uploads\/2021\/06\/How-Can-A-Dog-Bite-Lawyer-Help-Injury-Attorney-The-Matera-Law-Firm.jpg\" \/>\n\t<meta property=\"og:image:width\" content=\"500\" \/>\n\t<meta property=\"og:image:height\" content=\"334\" \/>\n\t<meta property=\"og:image:type\" content=\"image\/jpeg\" \/>\n<meta name=\"twitter:card\" content=\"summary_large_image\" \/>\n<meta name=\"twitter:site\" content=\"@materalaw\" \/>\n<meta name=\"twitter:label1\" content=\"Tiempo de lectura\" \/>\n\t<meta name=\"twitter:data1\" content=\"2 minutos\" \/>\n<script type=\"application\/ld+json\" class=\"yoast-schema-graph\">{\"@context\":\"https:\/\/schema.org\",\"@graph\":[{\"@type\":\"WebPage\",\"@id\":\"https:\/\/www.materalaw.com\/how-can-a-dog-bite-lawyer-help\/\",\"url\":\"https:\/\/www.materalaw.com\/how-can-a-dog-bite-lawyer-help\/\",\"name\":\"How Can A Dog Bite Lawyer Help? | Injury Attorney | The Matera Law Firm\",\"isPartOf\":{\"@id\":\"https:\/\/www.materalaw.com\/#website\"},\"primaryImageOfPage\":{\"@id\":\"https:\/\/www.materalaw.com\/how-can-a-dog-bite-lawyer-help\/#primaryimage\"},\"image\":{\"@id\":\"https:\/\/www.materalaw.com\/how-can-a-dog-bite-lawyer-help\/#primaryimage\"},\"thumbnailUrl\":\"https:\/\/www.materalaw.com\/wp-content\/uploads\/2021\/06\/How-Can-A-Dog-Bite-Lawyer-Help-Injury-Attorney-The-Matera-Law-Firm.jpg\",\"datePublished\":\"2021-05-24T16:37:18+00:00\",\"dateModified\":\"2021-06-21T16:47:09+00:00\",\"description\":\"Watch this video by dedicated Long Island injury attorney Michaelangelo Matera to find out how a dog bite lawyer can help you recover compensation today.\",\"breadcrumb\":{\"@id\":\"https:\/\/www.materalaw.com\/how-can-a-dog-bite-lawyer-help\/#breadcrumb\"},\"inLanguage\":\"es\",\"potentialAction\":[{\"@type\":\"ReadAction\",\"target\":[\"https:\/\/www.materalaw.com\/how-can-a-dog-bite-lawyer-help\/\"]}]},{\"@type\":\"ImageObject\",\"inLanguage\":\"es\",\"@id\":\"https:\/\/www.materalaw.com\/how-can-a-dog-bite-lawyer-help\/#primaryimage\",\"url\":\"https:\/\/www.materalaw.com\/wp-content\/uploads\/2021\/06\/How-Can-A-Dog-Bite-Lawyer-Help-Injury-Attorney-The-Matera-Law-Firm.jpg\",\"contentUrl\":\"https:\/\/www.materalaw.com\/wp-content\/uploads\/2021\/06\/How-Can-A-Dog-Bite-Lawyer-Help-Injury-Attorney-The-Matera-Law-Firm.jpg\",\"width\":500,\"height\":334,\"caption\":\"How Can A Dog Bite Lawyer Help Injury Attorney The Matera Law Firm\"},{\"@type\":\"BreadcrumbList\",\"@id\":\"https:\/\/www.materalaw.com\/how-can-a-dog-bite-lawyer-help\/#breadcrumb\",\"itemListElement\":[{\"@type\":\"ListItem\",\"position\":1,\"name\":\"Home\",\"item\":\"https:\/\/www.materalaw.com\/\"},{\"@type\":\"ListItem\",\"position\":2,\"name\":\"How Can A Dog Bite Lawyer Help?\"}]},{\"@type\":\"WebSite\",\"@id\":\"https:\/\/www.materalaw.com\/#website\",\"url\":\"https:\/\/www.materalaw.com\/\",\"name\":\"The Matera Law Firm\",\"description\":\"Long Island Injury Lawyers &amp; Criminal Defense Attorneys\",\"publisher\":{\"@id\":\"https:\/\/www.materalaw.com\/#organization\"},\"potentialAction\":[{\"@type\":\"SearchAction\",\"target\":{\"@type\":\"EntryPoint\",\"urlTemplate\":\"https:\/\/www.materalaw.com\/?s={search_term_string}\"},\"query-input\":{\"@type\":\"PropertyValueSpecification\",\"valueRequired\":true,\"valueName\":\"search_term_string\"}}],\"inLanguage\":\"es\"},{\"@type\":\"Organization\",\"@id\":\"https:\/\/www.materalaw.com\/#organization\",\"name\":\"The Matera Law Firm\",\"url\":\"https:\/\/www.materalaw.com\/\",\"logo\":{\"@type\":\"ImageObject\",\"inLanguage\":\"es\",\"@id\":\"https:\/\/www.materalaw.com\/#\/schema\/logo\/image\/\",\"url\":\"https:\/\/www.materalaw.com\/wp-content\/uploads\/2021\/07\/The-Matera-Law-Firm-Long-Island-Injury-Lawyers-Criminal-Defense-Attorneys-Icon.jpg\",\"contentUrl\":\"https:\/\/www.materalaw.com\/wp-content\/uploads\/2021\/07\/The-Matera-Law-Firm-Long-Island-Injury-Lawyers-Criminal-Defense-Attorneys-Icon.jpg\",\"width\":450,\"height\":450,\"caption\":\"The Matera Law Firm\"},\"image\":{\"@id\":\"https:\/\/www.materalaw.com\/#\/schema\/logo\/image\/\"},\"sameAs\":[\"https:\/\/www.facebook.com\/The-Matera-Law-Firm-248997331839081\/\",\"https:\/\/x.com\/materalaw\"]}]}<\/script>\n<!-- \/ Yoast SEO plugin. -->","yoast_head_json":{"title":"\u00bfC\u00f3mo puede ayudar un abogado de mordeduras de perro? | Abogado de Lesiones | The Matera Law Firm","description":"Vea este v\u00eddeo de Michaelangelo Matera, abogado especializado en lesiones de Long Island, para descubrir c\u00f3mo un abogado especializado en mordeduras de perro puede ayudarle a obtener una indemnizaci\u00f3n hoy mismo.","robots":{"index":"index","follow":"follow","max-snippet":"max-snippet:-1","max-image-preview":"max-image-preview:large","max-video-preview":"max-video-preview:-1"},"canonical":"https:\/\/www.materalaw.com\/es\/como-puede-ayudar-un-abogado-especializado-en-mordeduras-de-perro\/","og_locale":"es_ES","og_type":"article","og_title":"How Can A Dog Bite Lawyer Help? | Injury Attorney | The Matera Law Firm","og_description":"Watch this video by dedicated Long Island injury attorney Michaelangelo Matera to find out how a dog bite lawyer can help you recover compensation today.","og_url":"https:\/\/www.materalaw.com\/es\/como-puede-ayudar-un-abogado-especializado-en-mordeduras-de-perro\/","og_site_name":"Matera &amp; Manley, LLP","article_publisher":"https:\/\/www.facebook.com\/The-Matera-Law-Firm-248997331839081\/","article_modified_time":"2021-06-21T16:47:09+00:00","og_image":[{"width":500,"height":334,"url":"https:\/\/www.materalaw.com\/wp-content\/uploads\/2021\/06\/How-Can-A-Dog-Bite-Lawyer-Help-Injury-Attorney-The-Matera-Law-Firm.jpg","type":"image\/jpeg"}],"twitter_card":"summary_large_image","twitter_site":"@materalaw","twitter_misc":{"Tiempo de lectura":"2 minutos"},"schema":{"@context":"https:\/\/schema.org","@graph":[{"@type":"WebPage","@id":"https:\/\/www.materalaw.com\/how-can-a-dog-bite-lawyer-help\/","url":"https:\/\/www.materalaw.com\/how-can-a-dog-bite-lawyer-help\/","name":"\u00bfC\u00f3mo puede ayudar un abogado de mordeduras de perro? | Abogado de Lesiones | The Matera Law Firm","isPartOf":{"@id":"https:\/\/www.materalaw.com\/#website"},"primaryImageOfPage":{"@id":"https:\/\/www.materalaw.com\/how-can-a-dog-bite-lawyer-help\/#primaryimage"},"image":{"@id":"https:\/\/www.materalaw.com\/how-can-a-dog-bite-lawyer-help\/#primaryimage"},"thumbnailUrl":"https:\/\/www.materalaw.com\/wp-content\/uploads\/2021\/06\/How-Can-A-Dog-Bite-Lawyer-Help-Injury-Attorney-The-Matera-Law-Firm.jpg","datePublished":"2021-05-24T16:37:18+00:00","dateModified":"2021-06-21T16:47:09+00:00","description":"Vea este v\u00eddeo de Michaelangelo Matera, abogado especializado en lesiones de Long Island, para descubrir c\u00f3mo un abogado especializado en mordeduras de perro puede ayudarle a obtener una indemnizaci\u00f3n hoy mismo.","breadcrumb":{"@id":"https:\/\/www.materalaw.com\/how-can-a-dog-bite-lawyer-help\/#breadcrumb"},"inLanguage":"es","potentialAction":[{"@type":"ReadAction","target":["https:\/\/www.materalaw.com\/how-can-a-dog-bite-lawyer-help\/"]}]},{"@type":"ImageObject","inLanguage":"es","@id":"https:\/\/www.materalaw.com\/how-can-a-dog-bite-lawyer-help\/#primaryimage","url":"https:\/\/www.materalaw.com\/wp-content\/uploads\/2021\/06\/How-Can-A-Dog-Bite-Lawyer-Help-Injury-Attorney-The-Matera-Law-Firm.jpg","contentUrl":"https:\/\/www.materalaw.com\/wp-content\/uploads\/2021\/06\/How-Can-A-Dog-Bite-Lawyer-Help-Injury-Attorney-The-Matera-Law-Firm.jpg","width":500,"height":334,"caption":"How Can A Dog Bite Lawyer Help Injury Attorney The Matera Law Firm"},{"@type":"BreadcrumbList","@id":"https:\/\/www.materalaw.com\/how-can-a-dog-bite-lawyer-help\/#breadcrumb","itemListElement":[{"@type":"ListItem","position":1,"name":"Home","item":"https:\/\/www.materalaw.com\/"},{"@type":"ListItem","position":2,"name":"How Can A Dog Bite Lawyer Help?"}]},{"@type":"WebSite","@id":"https:\/\/www.materalaw.com\/#website","url":"https:\/\/www.materalaw.com\/","name":"El bufete Matera","description":"Long Island Abogados de Lesiones y Abogados de Defensa Penal","publisher":{"@id":"https:\/\/www.materalaw.com\/#organization"},"potentialAction":[{"@type":"SearchAction","target":{"@type":"EntryPoint","urlTemplate":"https:\/\/www.materalaw.com\/?s={search_term_string}"},"query-input":{"@type":"PropertyValueSpecification","valueRequired":true,"valueName":"search_term_string"}}],"inLanguage":"es"},{"@type":"Organization","@id":"https:\/\/www.materalaw.com\/#organization","name":"El bufete Matera","url":"https:\/\/www.materalaw.com\/","logo":{"@type":"ImageObject","inLanguage":"es","@id":"https:\/\/www.materalaw.com\/#\/schema\/logo\/image\/","url":"https:\/\/www.materalaw.com\/wp-content\/uploads\/2021\/07\/The-Matera-Law-Firm-Long-Island-Injury-Lawyers-Criminal-Defense-Attorneys-Icon.jpg","contentUrl":"https:\/\/www.materalaw.com\/wp-content\/uploads\/2021\/07\/The-Matera-Law-Firm-Long-Island-Injury-Lawyers-Criminal-Defense-Attorneys-Icon.jpg","width":450,"height":450,"caption":"The Matera Law Firm"},"image":{"@id":"https:\/\/www.materalaw.com\/#\/schema\/logo\/image\/"},"sameAs":["https:\/\/www.facebook.com\/The-Matera-Law-Firm-248997331839081\/","https:\/\/x.com\/materalaw"]}]}},"_links":{"self":[{"href":"https:\/\/www.materalaw.com\/es\/wp-json\/wp\/v2\/pages\/529","targetHints":{"allow":["GET"]}}],"collection":[{"href":"https:\/\/www.materalaw.com\/es\/wp-json\/wp\/v2\/pages"}],"about":[{"href":"https:\/\/www.materalaw.com\/es\/wp-json\/wp\/v2\/types\/page"}],"author":[{"embeddable":true,"href":"https:\/\/www.materalaw.com\/es\/wp-json\/wp\/v2\/users\/5"}],"replies":[{"embeddable":true,"href":"https:\/\/www.materalaw.com\/es\/wp-json\/wp\/v2\/comments?post=529"}],"version-history":[{"count":0,"href":"https:\/\/www.materalaw.com\/es\/wp-json\/wp\/v2\/pages\/529\/revisions"}],"wp:featuredmedia":[{"embeddable":true,"href":"https:\/\/www.materalaw.com\/es\/wp-json\/wp\/v2\/media\/1429"}],"wp:attachment":[{"href":"https:\/\/www.materalaw.com\/es\/wp-json\/wp\/v2\/media?parent=529"}],"curies":[{"name":"wp","href":"https:\/\/api.w.org\/{rel}","templated":true}]}}